{"id":115,"date":"2025-03-05T14:32:59","date_gmt":"2025-03-05T14:32:59","guid":{"rendered":"https:\/\/cabakonveyor.com\/?page_id=115"},"modified":"2025-03-05T15:58:31","modified_gmt":"2025-03-05T15:58:31","slug":"insan-kaynaklari","status":"publish","type":"page","link":"https:\/\/cabakonveyor.com\/?page_id=115","title":{"rendered":"\u0130nsan Kaynaklar\u0131"},"content":{"rendered":"<!-- wp:themify-builder\/canvas \/-->","protected":false},"excerpt":{"rendered":"","protected":false},"author":1,"featured_media":0,"parent":0,"menu_order":0,"comment_status":"closed","ping_status":"closed","template":"","meta":{"_joinchat":[],"footnotes":""},"class_list":["post-115","page","type-page","status-publish","hentry","has-post-title","has-post-date","has-post-category","has-post-tag","has-post-comment","has-post-author",""],"builder_content":"<h3 data-start=\"0\" data-end=\"38\"><strong data-start=\"4\" data-end=\"38\">\u015eirket K\u00fclt\u00fcr\u00fc ve De\u011ferlerimiz<\/strong><\/h3><p data-start=\"40\" data-end=\"354\"><strong data-start=\"40\" data-end=\"57\">\u00c7aba Konvey\u00f6r<\/strong> olarak, i\u015f d\u00fcnyas\u0131nda ba\u015far\u0131y\u0131 yaln\u0131zca finansal performansla de\u011fil, ayn\u0131 zamanda \u00e7al\u0131\u015fanlar\u0131m\u0131za, m\u00fc\u015fterilerimize ve toplumumuza olan sorumluluklar\u0131m\u0131zla \u00f6l\u00e7\u00fcyoruz. \u015eirket k\u00fclt\u00fcr\u00fcm\u00fcz, bu sorumluluklar\u0131 yerine getirirken insan\u0131 ve do\u011fay\u0131 her zaman \u00f6n planda tutan bir yakla\u015f\u0131m\u0131 benimsemektedir.<\/p><p data-start=\"356\" data-end=\"772\">\u015eirketimizde, her g\u00fcn i\u015fimizi daha iyi yapma iste\u011fiyle hareket ederken, \u00e7al\u0131\u015fanlar\u0131m\u0131z\u0131n ki\u015fisel geli\u015fimini destekliyor, birbirimize duydu\u011fumuz sayg\u0131y\u0131 peki\u015ftiriyor ve a\u00e7\u0131k ileti\u015fimi te\u015fvik ediyoruz. \u00c7al\u0131\u015fanlar\u0131m\u0131z\u0131n yeteneklerini en verimli \u015fekilde kullanabilmeleri i\u00e7in g\u00fc\u00e7l\u00fc bir tak\u0131m ruhu olu\u015fturuyoruz. Her bireyin farkl\u0131l\u0131klar\u0131n\u0131 kutlayarak, daha zengin, yenilik\u00e7i ve yarat\u0131c\u0131 bir \u00e7al\u0131\u015fma ortam\u0131 yarat\u0131yoruz.<\/p><p data-start=\"774\" data-end=\"792\"><strong data-start=\"774\" data-end=\"790\">De\u011ferlerimiz<\/strong><\/p><ol data-start=\"793\" data-end=\"2085\"><li data-start=\"793\" data-end=\"1034\"><strong data-start=\"796\" data-end=\"823\">D\u00fcr\u00fcstl\u00fck ve \u015eeffafl\u0131k:<\/strong> \u0130\u015f s\u00fcre\u00e7lerimizde d\u00fcr\u00fcstl\u00fck, g\u00fcven ve a\u00e7\u0131kl\u0131k her zaman temel ilkelerimizdir. M\u00fc\u015fterilerimizle, tedarik\u00e7ilerimizle ve \u00e7al\u0131\u015fanlar\u0131m\u0131zla kurdu\u011fumuz ili\u015fkilerde her zaman d\u00fcr\u00fcst ve \u015feffaf olmay\u0131 ilke ediniyoruz.<\/li><li data-start=\"1035\" data-end=\"1272\"><strong data-start=\"1038\" data-end=\"1058\">\u0130nsan Odakl\u0131l\u0131k:<\/strong> \u0130nsan her \u015feyin merkezindedir. \u00c7al\u0131\u015fanlar\u0131m\u0131z\u0131n sa\u011fl\u0131\u011f\u0131, mutlulu\u011fu ve geli\u015fimi bizim i\u00e7in b\u00fcy\u00fck \u00f6nem ta\u015f\u0131r. \u0130nsan odakl\u0131 bir yakla\u015f\u0131m benimseyerek, her bireyin potansiyelini en \u00fcst d\u00fczeye \u00e7\u0131karmay\u0131 hedefliyoruz.<\/li><li data-start=\"1273\" data-end=\"1495\"><strong data-start=\"1276\" data-end=\"1305\">\u0130novasyon ve Yarat\u0131c\u0131l\u0131k:<\/strong> Sekt\u00f6rdeki geli\u015fmeleri yak\u0131ndan takip eder, yenilik\u00e7i fikirleri ve \u00e7\u00f6z\u00fcmleri s\u00fcrekli olarak te\u015fvik ederiz. Yarat\u0131c\u0131l\u0131\u011f\u0131 ve s\u00fcrekli geli\u015fimi, \u015firketimizin g\u00fcc\u00fcn\u00fcn kayna\u011f\u0131 olarak g\u00f6r\u00fcyoruz.<\/li><li data-start=\"1496\" data-end=\"1714\"><strong data-start=\"1499\" data-end=\"1528\">\u00c7e\u015fitlilik ve Dahil Etme:<\/strong> Farkl\u0131l\u0131klar\u0131 kutlar, her bireyin kendi kimli\u011fiyle \u015firketimize katk\u0131 sa\u011flayabilmesi i\u00e7in f\u0131rsatlar sunar\u0131z. \u00c7e\u015fitli bak\u0131\u015f a\u00e7\u0131lar\u0131, daha iyi \u00e7\u00f6z\u00fcmler ve daha g\u00fc\u00e7l\u00fc bir tak\u0131m olu\u015fturur.<\/li><li data-start=\"1715\" data-end=\"1879\"><strong data-start=\"1718\" data-end=\"1741\">Sorumluluk ve Etik:<\/strong> Toplumumuza ve \u00e7evremize kar\u015f\u0131 sorumluluklar\u0131m\u0131z\u0131 yerine getirmek, etik de\u011ferler do\u011frultusunda hareket etmek bizim i\u00e7in vazge\u00e7ilmezdir.<\/li><li data-start=\"1880\" data-end=\"2085\" data-is-only-node=\"\"><strong data-start=\"1883\" data-end=\"1919\">M\u00fckemmeliyet ve S\u00fcrekli Geli\u015fim:<\/strong> Her g\u00fcn daha iyi olmay\u0131 hedefleriz. \u00c7al\u0131\u015fanlar\u0131m\u0131z\u0131n, s\u00fcre\u00e7lerimizin ve \u00fcr\u00fcnlerimizin s\u00fcrekli geli\u015fimini sa\u011flamak i\u00e7in her zaman en y\u00fcksek standartlar\u0131 hedef al\u0131r\u0131z.<\/li><\/ol><p data-start=\"2087\" data-end=\"2361\" data-is-last-node=\"\" data-is-only-node=\"\">Bizim i\u00e7in ba\u015far\u0131, sadece ula\u015f\u0131lacak bir hedef de\u011fil, s\u00fcrekli geli\u015fen bir s\u00fcre\u00e7tir. <strong data-start=\"2171\" data-end=\"2188\">\u00c7aba Konvey\u00f6r<\/strong> olarak, bu de\u011ferlere dayal\u0131 bir k\u00fclt\u00fcrle, m\u00fc\u015fterilerimize ve \u00e7al\u0131\u015fanlar\u0131m\u0131za daha iyi hizmet sunmay\u0131, daha g\u00fc\u00e7l\u00fc bir toplum yaratmay\u0131 ve sekt\u00f6rde lider olmay\u0131 hedefliyoruz.<\/p>","_links":{"self":[{"href":"https:\/\/cabakonveyor.com\/index.php?rest_route=\/wp\/v2\/pages\/115","targetHints":{"allow":["GET"]}}],"collection":[{"href":"https:\/\/cabakonveyor.com\/index.php?rest_route=\/wp\/v2\/pages"}],"about":[{"href":"https:\/\/cabakonveyor.com\/index.php?rest_route=\/wp\/v2\/types\/page"}],"author":[{"embeddable":true,"href":"https:\/\/cabakonveyor.com\/index.php?rest_route=\/wp\/v2\/users\/1"}],"replies":[{"embeddable":true,"href":"https:\/\/cabakonveyor.com\/index.php?rest_route=%2Fwp%2Fv2%2Fcomments&post=115"}],"version-history":[{"count":3,"href":"https:\/\/cabakonveyor.com\/index.php?rest_route=\/wp\/v2\/pages\/115\/revisions"}],"predecessor-version":[{"id":177,"href":"https:\/\/cabakonveyor.com\/index.php?rest_route=\/wp\/v2\/pages\/115\/revisions\/177"}],"wp:attachment":[{"href":"https:\/\/cabakonveyor.com\/index.php?rest_route=%2Fwp%2Fv2%2Fmedia&parent=115"}],"curies":[{"name":"wp","href":"https:\/\/api.w.org\/{rel}","templated":true}]}}