{"id":116,"date":"2025-03-05T14:32:59","date_gmt":"2025-03-05T14:32:59","guid":{"rendered":"https:\/\/cabakonveyor.com\/?page_id=116"},"modified":"2025-03-05T16:11:02","modified_gmt":"2025-03-05T16:11:02","slug":"kariyer","status":"publish","type":"page","link":"https:\/\/cabakonveyor.com\/?page_id=116","title":{"rendered":"Kariyer"},"content":{"rendered":"\n\n<!-- wp:themify-builder\/canvas \/-->\n\n<!--themify_builder_static--><h1>\u0130\u015f Ba\u015fvuru Formu<\/h1>\n<img loading=\"lazy\" decoding=\"async\" src=\"https:\/\/cabakonveyor.com\/wp-content\/uploads\/2025\/03\/857insan-kaynaklari-4-800x900.jpg\" width=\"800\" height=\"900\" title=\"857insan kaynaklar\u0131 4\" alt=\"857insan kaynaklar\u0131 4\">\n<p role=\"status\" aria-live=\"polite\" aria-atomic=\"true\"><\/p> <ul><\/ul> <form action=\"\/wp-admin\/admin-ajax.php#wpcf7-f178-o1\" method=\"post\" aria-label=\"\u0130leti\u015fim Formu\" enctype=\"multipart\/form-data\" novalidate=\"novalidate\" data-status=\"init\">\n<input type=\"hidden\" name=\"_wpcf7\" value=\"178\" \/> <input type=\"hidden\" name=\"_wpcf7_version\" value=\"6.0.4\" \/> <input type=\"hidden\" name=\"_wpcf7_locale\" value=\"tr_TR\" \/> <input type=\"hidden\" name=\"_wpcf7_unit_tag\" value=\"wpcf7-f178-o1\" \/> <input type=\"hidden\" name=\"_wpcf7_container_post\" value=\"0\" \/> <input type=\"hidden\" name=\"_wpcf7_posted_data_hash\" value=\"\" \/>\n<p><label> Ad\u0131n\u0131z Soyad\u0131n\u0131z<br \/> <input size=\"40\" maxlength=\"400\" autocomplete=\"name\" aria-required=\"true\" aria-invalid=\"false\" value=\"\" type=\"text\" name=\"your-name\" \/> <\/label> <\/p> <p><label> E-posta adresiniz<br \/> <input size=\"40\" maxlength=\"400\" autocomplete=\"email\" aria-required=\"true\" aria-invalid=\"false\" value=\"\" type=\"email\" name=\"your-email\" \/> <\/label> <\/p> <p><label> Telefon<br \/> <input size=\"40\" maxlength=\"400\" aria-invalid=\"false\" value=\"\" type=\"tel\" name=\"tel-69\" \/> <\/label> <\/p> <p><label> Ba\u015fvurmak \u0130stedi\u011finiz Departman<br \/> <input size=\"40\" maxlength=\"400\" aria-required=\"true\" aria-invalid=\"false\" value=\"\" type=\"text\" name=\"your-subject\" \/> <\/label> <\/p> <p><label> K\u0131sa \u00d6z Ge\u00e7mi\u015f<br \/> <textarea cols=\"40\" rows=\"10\" maxlength=\"2000\" aria-invalid=\"false\" name=\"your-message\"><\/textarea> <\/label> <\/p> <p><label> Cv nizi Ekleyin<br \/> <input size=\"40\" accept=\"audio\/*,video\/*,image\/*\" aria-invalid=\"false\" type=\"file\" name=\"file-378\" \/> <\/label> <\/p> <p><input type=\"submit\" value=\"G\u00f6nder\" \/> <\/p> <\/form><!--\/themify_builder_static-->","protected":false},"excerpt":{"rendered":"<p>\u0130\u015f Ba\u015fvuru Formu Ad\u0131n\u0131z Soyad\u0131n\u0131z E-posta adresiniz Telefon Ba\u015fvurmak \u0130stedi\u011finiz Departman K\u0131sa \u00d6z Ge\u00e7mi\u015f Cv nizi Ekleyin<\/p>\n","protected":false},"author":1,"featured_media":0,"parent":0,"menu_order":0,"comment_status":"closed","ping_status":"closed","template":"","meta":{"_joinchat":[],"footnotes":""},"class_list":["post-116","page","type-page","status-publish","hentry","has-post-title","has-post-date","has-post-category","has-post-tag","has-post-comment","has-post-author",""],"builder_content":"<h1>\u0130\u015f Ba\u015fvuru Formu<\/h1>\n<img src=\"https:\/\/cabakonveyor.com\/wp-content\/uploads\/2025\/03\/857insan-kaynaklari-4-800x900.jpg\" width=\"800\" height=\"900\" title=\"857insan kaynaklar\u0131 4\" alt=\"857insan kaynaklar\u0131 4\">\n<p role=\"status\" aria-live=\"polite\" aria-atomic=\"true\"><\/p> <ul><\/ul> <form action=\"\/index.php?rest_route=%2Fwp%2Fv2%2Fpages%2F116#wpcf7-f178-o1\" method=\"post\" aria-label=\"\u0130leti\u015fim Formu\" enctype=\"multipart\/form-data\" novalidate=\"novalidate\" data-status=\"init\"> <fieldset><input type=\"hidden\" name=\"_wpcf7\" value=\"178\" \/><input type=\"hidden\" name=\"_wpcf7_version\" value=\"6.1.5\" \/><input type=\"hidden\" name=\"_wpcf7_locale\" value=\"tr_TR\" \/><input type=\"hidden\" name=\"_wpcf7_unit_tag\" value=\"wpcf7-f178-o1\" \/><input type=\"hidden\" name=\"_wpcf7_container_post\" value=\"0\" \/><input type=\"hidden\" name=\"_wpcf7_posted_data_hash\" value=\"\" \/><input type=\"hidden\" name=\"_wpcf7_recaptcha_response\" value=\"\" \/> <\/fieldset> <p><label> Ad\u0131n\u0131z Soyad\u0131n\u0131z<br \/> <input size=\"40\" maxlength=\"400\" autocomplete=\"name\" aria-required=\"true\" aria-invalid=\"false\" value=\"\" type=\"text\" name=\"your-name\" \/> <\/label> <\/p> <p><label> E-posta adresiniz<br \/> <input size=\"40\" maxlength=\"400\" autocomplete=\"email\" aria-required=\"true\" aria-invalid=\"false\" value=\"\" type=\"email\" name=\"your-email\" \/> <\/label> <\/p> <p><label> Telefon<br \/> <input size=\"40\" maxlength=\"400\" aria-invalid=\"false\" value=\"\" type=\"tel\" name=\"tel-69\" \/> <\/label> <\/p> <p><label> Ba\u015fvurmak \u0130stedi\u011finiz Departman<br \/> <input size=\"40\" maxlength=\"400\" aria-required=\"true\" aria-invalid=\"false\" value=\"\" type=\"text\" name=\"your-subject\" \/> <\/label> <\/p> <p><label> K\u0131sa \u00d6z Ge\u00e7mi\u015f<br \/> <textarea cols=\"40\" rows=\"10\" maxlength=\"2000\" aria-invalid=\"false\" name=\"your-message\"><\/textarea> <\/label> <\/p> <p><label> Cv nizi Ekleyin<br \/> <input size=\"40\" accept=\"audio\/*,video\/*,image\/*\" aria-invalid=\"false\" type=\"file\" name=\"file-378\" \/> <\/label> <\/p> <p><input type=\"submit\" value=\"G\u00f6nder\" \/> <\/p><p style=\"display: none !important;\" data-prefix=\"_wpcf7_ak_\"><label>&#916;<textarea name=\"_wpcf7_ak_hp_textarea\" cols=\"45\" rows=\"8\" maxlength=\"100\"><\/textarea><\/label><input type=\"hidden\" id=\"ak_js_1\" name=\"_wpcf7_ak_js\" value=\"0\"\/><\/p> <\/form>","_links":{"self":[{"href":"https:\/\/cabakonveyor.com\/index.php?rest_route=\/wp\/v2\/pages\/116","targetHints":{"allow":["GET"]}}],"collection":[{"href":"https:\/\/cabakonveyor.com\/index.php?rest_route=\/wp\/v2\/pages"}],"about":[{"href":"https:\/\/cabakonveyor.com\/index.php?rest_route=\/wp\/v2\/types\/page"}],"author":[{"embeddable":true,"href":"https:\/\/cabakonveyor.com\/index.php?rest_route=\/wp\/v2\/users\/1"}],"replies":[{"embeddable":true,"href":"https:\/\/cabakonveyor.com\/index.php?rest_route=%2Fwp%2Fv2%2Fcomments&post=116"}],"version-history":[{"count":5,"href":"https:\/\/cabakonveyor.com\/index.php?rest_route=\/wp\/v2\/pages\/116\/revisions"}],"predecessor-version":[{"id":183,"href":"https:\/\/cabakonveyor.com\/index.php?rest_route=\/wp\/v2\/pages\/116\/revisions\/183"}],"wp:attachment":[{"href":"https:\/\/cabakonveyor.com\/index.php?rest_route=%2Fwp%2Fv2%2Fmedia&parent=116"}],"curies":[{"name":"wp","href":"https:\/\/api.w.org\/{rel}","templated":true}]}}