{"id":81,"date":"2025-03-05T14:30:33","date_gmt":"2025-03-05T14:30:33","guid":{"rendered":"https:\/\/cabakonveyor.com\/?page_id=81"},"modified":"2025-03-05T15:29:50","modified_gmt":"2025-03-05T15:29:50","slug":"teleskobik-konveyorler","status":"publish","type":"page","link":"https:\/\/cabakonveyor.com\/?page_id=81","title":{"rendered":"Teleskobik Konvey\u00f6rler"},"content":{"rendered":"<!-- wp:themify-builder\/canvas \/-->","protected":false},"excerpt":{"rendered":"","protected":false},"author":1,"featured_media":0,"parent":0,"menu_order":0,"comment_status":"closed","ping_status":"closed","template":"","meta":{"_joinchat":[],"footnotes":""},"class_list":["post-81","page","type-page","status-publish","hentry","has-post-title","has-post-date","has-post-category","has-post-tag","has-post-comment","has-post-author",""],"builder_content":"<h3 data-start=\"0\" data-end=\"32\">Teleskopik Konvey\u00f6rler<\/h3> <p data-start=\"34\" data-end=\"329\">Teleskopik konvey\u00f6rler, y\u00fckleme ve bo\u015faltma i\u015flemlerini h\u0131zland\u0131rmak i\u00e7in uzay\u0131p k\u0131salabilen \u00f6zel tasar\u0131ma sahip konvey\u00f6r sistemleridir. \u00d6zellikle lojistik, depo y\u00f6netimi, kargo, e-ticaret ve \u00fcretim sekt\u00f6rlerinde kamyon, t\u0131r ve konteyner y\u00fckleme\/bo\u015faltma s\u00fcre\u00e7lerinde yayg\u0131n olarak kullan\u0131l\u0131r.<\/p> <h4 data-start=\"331\" data-end=\"378\">Teleskopik Konvey\u00f6rlerin Avantajlar\u0131<\/h4> <p data-start=\"379\" data-end=\"991\">\u2705 <strong data-start=\"381\" data-end=\"415\">Zaman ve \u0130\u015f G\u00fcc\u00fcnden Tasarruf:<\/strong> Y\u00fckleme ve bo\u015faltma i\u015flemlerini h\u0131zland\u0131rarak operasyonel verimlili\u011fi art\u0131r\u0131r.<br data-start=\"494\" data-end=\"497\">\u2705 <strong data-start=\"499\" data-end=\"533\" data-is-only-node=\"\">Uzay\u0131p K\u0131salabilen Esnek Yap\u0131:<\/strong> Ta\u015f\u0131nacak malzemenin bulundu\u011fu mesafeye g\u00f6re konvey\u00f6r uzunlu\u011fu ayarlanabilir.<br data-start=\"611\" data-end=\"614\">\u2705 <strong data-start=\"616\" data-end=\"649\">Ergonomik ve Kullan\u0131c\u0131 Dostu:<\/strong> \u00c7al\u0131\u015fanlar\u0131n a\u011f\u0131r y\u00fckleri manuel ta\u015f\u0131ma ihtiyac\u0131n\u0131 azaltarak i\u015f kazalar\u0131n\u0131 \u00f6nler.<br data-start=\"731\" data-end=\"734\">\u2705 <strong data-start=\"736\" data-end=\"763\">D\u00fc\u015f\u00fck \u0130\u015fletme Maliyeti:<\/strong> Daha az i\u015f g\u00fcc\u00fc ile daha fazla malzeme ta\u015f\u0131nmas\u0131n\u0131 sa\u011flar, operasyon maliyetlerini d\u00fc\u015f\u00fcr\u00fcr.<br data-start=\"855\" data-end=\"858\">\u2705 <strong data-start=\"860\" data-end=\"902\">Mod\u00fcler ve \u00d6zelle\u015ftirilebilir Tasar\u0131m:<\/strong> Farkl\u0131 ta\u015f\u0131ma ihtiya\u00e7lar\u0131na g\u00f6re motorlu veya manuel teleskopik sistemler sunulabilir.<\/p> <p data-start=\"993\" data-end=\"1177\"><strong data-start=\"993\" data-end=\"1010\">\u00c7aba Konvey\u00f6r<\/strong> olarak, i\u015fletmenizin ihtiyac\u0131na \u00f6zel teleskopik konvey\u00f6r \u00e7\u00f6z\u00fcmleri sunuyoruz. Lojistik s\u00fcre\u00e7lerinizi daha h\u0131zl\u0131, g\u00fcvenli ve verimli hale getirmek i\u00e7in yan\u0131n\u0131zday\u0131z.<\/p> <p data-start=\"1179\" data-end=\"1244\" data-is-last-node=\"\" data-is-only-node=\"\">\ud83d\udcde Daha fazla bilgi ve teklif almak i\u00e7in bizimle ileti\u015fime ge\u00e7in!<\/p>\n<img src=\"https:\/\/cabakonveyor.com\/wp-content\/uploads\/2025\/03\/Yer-tutucu-resim-672x500.png\" width=\"672\" height=\"500\" title=\"Yer-tutucu-resim\" alt=\"Yer-tutucu-resim\" srcset=\"https:\/\/cabakonveyor.com\/wp-content\/uploads\/2025\/03\/Yer-tutucu-resim-672x500.png 672w, https:\/\/cabakonveyor.com\/wp-content\/uploads\/2025\/03\/Yer-tutucu-resim-300x224.png 300w, https:\/\/cabakonveyor.com\/wp-content\/uploads\/2025\/03\/Yer-tutucu-resim-768x572.png 768w, https:\/\/cabakonveyor.com\/wp-content\/uploads\/2025\/03\/Yer-tutucu-resim.png 1000w\" sizes=\"(max-width: 672px) 100vw, 672px\" \/>","_links":{"self":[{"href":"https:\/\/cabakonveyor.com\/index.php?rest_route=\/wp\/v2\/pages\/81","targetHints":{"allow":["GET"]}}],"collection":[{"href":"https:\/\/cabakonveyor.com\/index.php?rest_route=\/wp\/v2\/pages"}],"about":[{"href":"https:\/\/cabakonveyor.com\/index.php?rest_route=\/wp\/v2\/types\/page"}],"author":[{"embeddable":true,"href":"https:\/\/cabakonveyor.com\/index.php?rest_route=\/wp\/v2\/users\/1"}],"replies":[{"embeddable":true,"href":"https:\/\/cabakonveyor.com\/index.php?rest_route=%2Fwp%2Fv2%2Fcomments&post=81"}],"version-history":[{"count":5,"href":"https:\/\/cabakonveyor.com\/index.php?rest_route=\/wp\/v2\/pages\/81\/revisions"}],"predecessor-version":[{"id":167,"href":"https:\/\/cabakonveyor.com\/index.php?rest_route=\/wp\/v2\/pages\/81\/revisions\/167"}],"wp:attachment":[{"href":"https:\/\/cabakonveyor.com\/index.php?rest_route=%2Fwp%2Fv2%2Fmedia&parent=81"}],"curies":[{"name":"wp","href":"https:\/\/api.w.org\/{rel}","templated":true}]}}